{"id":328,"date":"2025-04-24T04:20:56","date_gmt":"2025-04-24T04:20:56","guid":{"rendered":"https:\/\/hadoba.com\/?page_id=328"},"modified":"2025-05-21T10:10:43","modified_gmt":"2025-05-21T10:10:43","slug":"lien-he","status":"publish","type":"page","link":"https:\/\/hadoba.com\/index.php\/lien-he\/","title":{"rendered":"Li\u00ean H\u1ec7"},"content":{"rendered":"\t\t<div data-elementor-type=\"wp-page\" data-elementor-id=\"328\" class=\"elementor elementor-328\" data-elementor-post-type=\"page\">\n\t\t\t\t<div class=\"elementor-element elementor-element-092aa14 e-flex e-con-boxed e-con e-parent\" data-id=\"092aa14\" data-element_type=\"container\" data-settings=\"{&quot;position&quot;:&quot;absolute&quot;}\">\n\t\t\t\t\t<div class=\"e-con-inner\">\n\t\t<div class=\"elementor-element elementor-element-9375dd4 e-con-full e-flex e-con e-child\" data-id=\"9375dd4\" data-element_type=\"container\">\n\t\t\t\t<div class=\"elementor-element elementor-element-705f487 elementor-widget elementor-widget-heading\" data-id=\"705f487\" data-element_type=\"widget\" data-widget_type=\"heading.default\">\n\t\t\t\t<div class=\"elementor-widget-container\">\n\t\t\t\t\t<h2 class=\"elementor-heading-title elementor-size-default\">TH\u00d4NG TIN LI\u00caN H\u1ec6<\/h2>\t\t\t\t<\/div>\n\t\t\t\t<\/div>\n\t\t\t\t<\/div>\n\t\t\t\t\t<\/div>\n\t\t\t\t<\/div>\n\t\t<div class=\"elementor-element elementor-element-cb2a790 e-flex e-con-boxed e-con e-parent\" data-id=\"cb2a790\" data-element_type=\"container\">\n\t\t\t\t\t<div class=\"e-con-inner\">\n\t\t\t\t<div class=\"elementor-element elementor-element-73d945b elementor-widget elementor-widget-image\" data-id=\"73d945b\" data-element_type=\"widget\" data-widget_type=\"image.default\">\n\t\t\t\t<div class=\"elementor-widget-container\">\n\t\t\t\t\t\t\t\t\t\t\t\t\t\t\t<img decoding=\"async\" src=\"https:\/\/hadoba.com\/wp-content\/uploads\/2025\/05\/banner-booking-1.jpg\" title=\"banner-booking\" alt=\"banner-booking\" loading=\"lazy\" \/>\t\t\t\t\t\t\t\t\t\t\t\t\t\t\t<\/div>\n\t\t\t\t<\/div>\n\t\t\t\t\t<\/div>\n\t\t\t\t<\/div>\n\t\t<div class=\"elementor-element elementor-element-c2180d7 e-flex e-con-boxed e-con e-parent\" data-id=\"c2180d7\" data-element_type=\"container\">\n\t\t\t\t\t<div class=\"e-con-inner\">\n\t\t<div class=\"elementor-element elementor-element-2c01f2b e-con-full e-flex e-con e-child\" data-id=\"2c01f2b\" data-element_type=\"container\">\n\t\t\t\t<div class=\"elementor-element elementor-element-fe2ac23 elementor-align-left elementor-widget__width-initial elementor-list-item-link-full_width elementor-widget elementor-widget-icon-list\" data-id=\"fe2ac23\" data-element_type=\"widget\" data-widget_type=\"icon-list.default\">\n\t\t\t\t<div class=\"elementor-widget-container\">\n\t\t\t\t\t\t\t<ul class=\"elementor-icon-list-items\">\n\t\t\t\t\t\t\t<li class=\"elementor-icon-list-item\">\n\t\t\t\t\t\t\t\t\t\t<span class=\"elementor-icon-list-text\">TH\u00d4NG TIN LI\u00caN H\u1ec6<\/span>\n\t\t\t\t\t\t\t\t\t<\/li>\n\t\t\t\t\t\t\t\t<li class=\"elementor-icon-list-item\">\n\t\t\t\t\t\t\t\t\t\t\t<span class=\"elementor-icon-list-icon\">\n\t\t\t\t\t\t\t<svg aria-hidden=\"true\" class=\"e-font-icon-svg e-fas-map-pin\" viewBox=\"0 0 288 512\" xmlns=\"http:\/\/www.w3.org\/2000\/svg\"><path d=\"M112 316.94v156.69l22.02 33.02c4.75 7.12 15.22 7.12 19.97 0L176 473.63V316.94c-10.39 1.92-21.06 3.06-32 3.06s-21.61-1.14-32-3.06zM144 0C64.47 0 0 64.47 0 144s64.47 144 144 144 144-64.47 144-144S223.53 0 144 0zm0 76c-37.5 0-68 30.5-68 68 0 6.62-5.38 12-12 12s-12-5.38-12-12c0-50.73 41.28-92 92-92 6.62 0 12 5.38 12 12s-5.38 12-12 12z\"><\/path><\/svg>\t\t\t\t\t\t<\/span>\n\t\t\t\t\t\t\t\t\t\t<span class=\"elementor-icon-list-text\">107 Chung c\u01b0 A1 Nguy\u1ec5n \u00c1i Qu\u1ed1c, ph\u01b0\u1eddng Quang Vinh, Th\u00e0nh ph\u1ed1 Bi\u00ean H\u00f2a, \u0110\u1ed3ng Nai<\/span>\n\t\t\t\t\t\t\t\t\t<\/li>\n\t\t\t\t\t\t\t\t<li class=\"elementor-icon-list-item\">\n\t\t\t\t\t\t\t\t\t\t\t<span class=\"elementor-icon-list-icon\">\n\t\t\t\t\t\t\t<svg aria-hidden=\"true\" class=\"e-font-icon-svg e-fas-phone-alt\" viewBox=\"0 0 512 512\" xmlns=\"http:\/\/www.w3.org\/2000\/svg\"><path d=\"M497.39 361.8l-112-48a24 24 0 0 0-28 6.9l-49.6 60.6A370.66 370.66 0 0 1 130.6 204.11l60.6-49.6a23.94 23.94 0 0 0 6.9-28l-48-112A24.16 24.16 0 0 0 122.6.61l-104 24A24 24 0 0 0 0 48c0 256.5 207.9 464 464 464a24 24 0 0 0 23.4-18.6l24-104a24.29 24.29 0 0 0-14.01-27.6z\"><\/path><\/svg>\t\t\t\t\t\t<\/span>\n\t\t\t\t\t\t\t\t\t\t<span class=\"elementor-icon-list-text\">098 682 47 87<\/span>\n\t\t\t\t\t\t\t\t\t<\/li>\n\t\t\t\t\t\t\t\t<li class=\"elementor-icon-list-item\">\n\t\t\t\t\t\t\t\t\t\t\t<span class=\"elementor-icon-list-icon\">\n\t\t\t\t\t\t\t<svg aria-hidden=\"true\" class=\"e-font-icon-svg e-far-envelope\" viewBox=\"0 0 512 512\" xmlns=\"http:\/\/www.w3.org\/2000\/svg\"><path d=\"M464 64H48C21.49 64 0 85.49 0 112v288c0 26.51 21.49 48 48 48h416c26.51 0 48-21.49 48-48V112c0-26.51-21.49-48-48-48zm0 48v40.805c-22.422 18.259-58.168 46.651-134.587 106.49-16.841 13.247-50.201 45.072-73.413 44.701-23.208.375-56.579-31.459-73.413-44.701C106.18 199.465 70.425 171.067 48 152.805V112h416zM48 400V214.398c22.914 18.251 55.409 43.862 104.938 82.646 21.857 17.205 60.134 55.186 103.062 54.955 42.717.231 80.509-37.199 103.053-54.947 49.528-38.783 82.032-64.401 104.947-82.653V400H48z\"><\/path><\/svg>\t\t\t\t\t\t<\/span>\n\t\t\t\t\t\t\t\t\t\t<span class=\"elementor-icon-list-text\">hadoba.info@gmail.com<\/span>\n\t\t\t\t\t\t\t\t\t<\/li>\n\t\t\t\t\t\t<\/ul>\n\t\t\t\t\t\t<\/div>\n\t\t\t\t<\/div>\n\t\t\t\t<\/div>\n\t\t<div class=\"elementor-element elementor-element-c374345 e-con-full e-flex e-con e-child\" data-id=\"c374345\" data-element_type=\"container\">\n\t\t<div class=\"elementor-element elementor-element-58c6256 e-con-full e-flex e-con e-child\" data-id=\"58c6256\" data-element_type=\"container\">\n\t\t\t\t<div class=\"elementor-element elementor-element-53de960 elementor-shape-rounded elementor-grid-0 e-grid-align-center elementor-widget elementor-widget-social-icons\" data-id=\"53de960\" data-element_type=\"widget\" data-widget_type=\"social-icons.default\">\n\t\t\t\t<div class=\"elementor-widget-container\">\n\t\t\t\t\t\t\t<div class=\"elementor-social-icons-wrapper elementor-grid\" role=\"list\">\n\t\t\t\t\t\t\t<span class=\"elementor-grid-item\" role=\"listitem\">\n\t\t\t\t\t<a class=\"elementor-icon elementor-social-icon elementor-social-icon-facebook elementor-repeater-item-9dd3e42\" href=\"https:\/\/www.facebook.com\/clbdoanhnghiephanamdongnai\/\" target=\"_blank\">\n\t\t\t\t\t\t<span class=\"elementor-screen-only\">Facebook<\/span>\n\t\t\t\t\t\t<svg class=\"e-font-icon-svg e-fab-facebook\" viewBox=\"0 0 512 512\" xmlns=\"http:\/\/www.w3.org\/2000\/svg\"><path d=\"M504 256C504 119 393 8 256 8S8 119 8 256c0 123.78 90.69 226.38 209.25 245V327.69h-63V256h63v-54.64c0-62.15 37-96.48 93.67-96.48 27.14 0 55.52 4.84 55.52 4.84v61h-31.28c-30.8 0-40.41 19.12-40.41 38.73V256h68.78l-11 71.69h-57.78V501C413.31 482.38 504 379.78 504 256z\"><\/path><\/svg>\t\t\t\t\t<\/a>\n\t\t\t\t<\/span>\n\t\t\t\t\t\t\t<span class=\"elementor-grid-item\" role=\"listitem\">\n\t\t\t\t\t<a class=\"elementor-icon elementor-social-icon elementor-social-icon-youtube elementor-repeater-item-a9e3518\" href=\"https:\/\/www.youtube.com\/@CLBDOANHNGHI%E1%BB%86PH%C3%80NAMT%E1%BB%88NH%C4%90%E1%BB%92NGNAI\" target=\"_blank\">\n\t\t\t\t\t\t<span class=\"elementor-screen-only\">Youtube<\/span>\n\t\t\t\t\t\t<svg class=\"e-font-icon-svg e-fab-youtube\" viewBox=\"0 0 576 512\" xmlns=\"http:\/\/www.w3.org\/2000\/svg\"><path d=\"M549.655 124.083c-6.281-23.65-24.787-42.276-48.284-48.597C458.781 64 288 64 288 64S117.22 64 74.629 75.486c-23.497 6.322-42.003 24.947-48.284 48.597-11.412 42.867-11.412 132.305-11.412 132.305s0 89.438 11.412 132.305c6.281 23.65 24.787 41.5 48.284 47.821C117.22 448 288 448 288 448s170.78 0 213.371-11.486c23.497-6.321 42.003-24.171 48.284-47.821 11.412-42.867 11.412-132.305 11.412-132.305s0-89.438-11.412-132.305zm-317.51 213.508V175.185l142.739 81.205-142.739 81.201z\"><\/path><\/svg>\t\t\t\t\t<\/a>\n\t\t\t\t<\/span>\n\t\t\t\t\t\t\t<span class=\"elementor-grid-item\" role=\"listitem\">\n\t\t\t\t\t<a class=\"elementor-icon elementor-social-icon elementor-social-icon-map-marked-alt elementor-repeater-item-d100faa\" href=\"https:\/\/maps.app.goo.gl\/fnW3M5h4xXv3PrED8\" target=\"_blank\">\n\t\t\t\t\t\t<span class=\"elementor-screen-only\">Map-marked-alt<\/span>\n\t\t\t\t\t\t<svg class=\"e-font-icon-svg e-fas-map-marked-alt\" viewBox=\"0 0 576 512\" xmlns=\"http:\/\/www.w3.org\/2000\/svg\"><path d=\"M288 0c-69.59 0-126 56.41-126 126 0 56.26 82.35 158.8 113.9 196.02 6.39 7.54 17.82 7.54 24.2 0C331.65 284.8 414 182.26 414 126 414 56.41 357.59 0 288 0zm0 168c-23.2 0-42-18.8-42-42s18.8-42 42-42 42 18.8 42 42-18.8 42-42 42zM20.12 215.95A32.006 32.006 0 0 0 0 245.66v250.32c0 11.32 11.43 19.06 21.94 14.86L160 448V214.92c-8.84-15.98-16.07-31.54-21.25-46.42L20.12 215.95zM288 359.67c-14.07 0-27.38-6.18-36.51-16.96-19.66-23.2-40.57-49.62-59.49-76.72v182l192 64V266c-18.92 27.09-39.82 53.52-59.49 76.72-9.13 10.77-22.44 16.95-36.51 16.95zm266.06-198.51L416 224v288l139.88-55.95A31.996 31.996 0 0 0 576 426.34V176.02c0-11.32-11.43-19.06-21.94-14.86z\"><\/path><\/svg>\t\t\t\t\t<\/a>\n\t\t\t\t<\/span>\n\t\t\t\t\t<\/div>\n\t\t\t\t\t\t<\/div>\n\t\t\t\t<\/div>\n\t\t\t\t<\/div>\n\t\t<div class=\"elementor-element elementor-element-aff70e6 e-con-full e-flex e-con e-child\" data-id=\"aff70e6\" data-element_type=\"container\">\n\t\t\t\t<div class=\"elementor-element elementor-element-093922c elementor-widget elementor-widget-google_maps\" data-id=\"093922c\" data-element_type=\"widget\" data-widget_type=\"google_maps.default\">\n\t\t\t\t<div class=\"elementor-widget-container\">\n\t\t\t\t\t\t\t<div class=\"elementor-custom-embed\">\n\t\t\t<iframe loading=\"lazy\"\n\t\t\t\t\tsrc=\"https:\/\/maps.google.com\/maps?q=ch%C3%ADnh%20nam&#038;t=m&#038;z=14&#038;output=embed&#038;iwloc=near\"\n\t\t\t\t\ttitle=\"ch\u00ednh nam\"\n\t\t\t\t\taria-label=\"ch\u00ednh nam\"\n\t\t\t><\/iframe>\n\t\t<\/div>\n\t\t\t\t\t\t<\/div>\n\t\t\t\t<\/div>\n\t\t\t\t<\/div>\n\t\t\t\t<\/div>\n\t\t\t\t\t<\/div>\n\t\t\t\t<\/div>\n\t\t<div class=\"elementor-element elementor-element-3293cb9 e-flex e-con-boxed e-con e-parent\" data-id=\"3293cb9\" data-element_type=\"container\">\n\t\t\t\t\t<div class=\"e-con-inner\">\n\t\t<div class=\"elementor-element elementor-element-deee6f1 e-con-full e-flex e-con e-child\" data-id=\"deee6f1\" data-element_type=\"container\">\n\t\t\t\t<div class=\"elementor-element elementor-element-a530dec elementor-widget elementor-widget-image\" data-id=\"a530dec\" data-element_type=\"widget\" data-widget_type=\"image.default\">\n\t\t\t\t<div class=\"elementor-widget-container\">\n\t\t\t\t\t\t\t\t\t\t\t\t\t\t\t<img decoding=\"async\" src=\"https:\/\/hadoba.com\/wp-content\/uploads\/2025\/05\/clb-doanh-nhan-ha-nam-tai-dong-nai-2.png\" title=\"clb-doanh-nhan-ha-nam-tai-dong-nai\" alt=\"clb-doanh-nhan-ha-nam-tai-dong-nai\" loading=\"lazy\" \/>\t\t\t\t\t\t\t\t\t\t\t\t\t\t\t<\/div>\n\t\t\t\t<\/div>\n\t\t\t\t<\/div>\n\t\t\t\t\t<\/div>\n\t\t\t\t<\/div>\n\t\t\t\t<\/div>\n\t\t","protected":false},"excerpt":{"rendered":"<p>TH\u00d4NG TIN LI\u00caN H\u1ec6 TH\u00d4NG TIN LI\u00caN H\u1ec6 107 Chung c\u01b0 A1 Nguy\u1ec5n \u00c1i Qu\u1ed1c, ph\u01b0\u1eddng Quang Vinh, Th\u00e0nh ph\u1ed1 Bi\u00ean H\u00f2a, \u0110\u1ed3ng Nai 098 682 47 87 hadoba.info@gmail.com Facebook Youtube Map-marked-alt<\/p>\n","protected":false},"author":1,"featured_media":0,"parent":0,"menu_order":0,"comment_status":"closed","ping_status":"closed","template":"elementor_header_footer","meta":{"footnotes":""},"class_list":["post-328","page","type-page","status-publish","hentry"],"yoast_head":"<!-- This site is optimized with the Yoast SEO plugin v25.1 - https:\/\/yoast.com\/wordpress\/plugins\/seo\/ -->\n<title>Li\u00ean H\u1ec7 - CLB Doanh nghi\u1ec7p H\u00e0 Nam t\u1ec9nh \u0110\u1ed3ng Nai<\/title>\n<meta name=\"robots\" content=\"noindex, follow, max-snippet:-1, max-image-preview:large, max-video-preview:-1\" \/>\n<meta property=\"og:locale\" content=\"vi_VN\" \/>\n<meta property=\"og:type\" content=\"article\" \/>\n<meta property=\"og:title\" content=\"Li\u00ean H\u1ec7 - CLB Doanh nghi\u1ec7p H\u00e0 Nam t\u1ec9nh \u0110\u1ed3ng Nai\" \/>\n<meta property=\"og:description\" content=\"TH\u00d4NG TIN LI\u00caN H\u1ec6 TH\u00d4NG TIN LI\u00caN H\u1ec6 107 Chung c\u01b0 A1 Nguy\u1ec5n \u00c1i Qu\u1ed1c, ph\u01b0\u1eddng Quang Vinh, Th\u00e0nh ph\u1ed1 Bi\u00ean H\u00f2a, \u0110\u1ed3ng Nai 098 682 47 87 hadoba.info@gmail.com Facebook Youtube Map-marked-alt\" \/>\n<meta property=\"og:url\" content=\"https:\/\/hadoba.com\/index.php\/lien-he\/\" \/>\n<meta property=\"og:site_name\" content=\"CLB Doanh nghi\u1ec7p H\u00e0 Nam t\u1ec9nh \u0110\u1ed3ng Nai\" \/>\n<meta property=\"article:modified_time\" content=\"2025-05-21T10:10:43+00:00\" \/>\n<meta property=\"og:image\" content=\"https:\/\/hadoba.com\/wp-content\/uploads\/2025\/05\/banner-booking-1.jpg\" \/>\n<meta name=\"twitter:card\" content=\"summary_large_image\" \/>\n<meta name=\"twitter:label1\" content=\"\u01af\u1edbc t\u00ednh th\u1eddi gian \u0111\u1ecdc\" \/>\n\t<meta name=\"twitter:data1\" content=\"1 ph\u00fat\" \/>\n<script type=\"application\/ld+json\" class=\"yoast-schema-graph\">{\"@context\":\"https:\/\/schema.org\",\"@graph\":[{\"@type\":\"WebPage\",\"@id\":\"https:\/\/hadoba.com\/index.php\/lien-he\/\",\"url\":\"https:\/\/hadoba.com\/index.php\/lien-he\/\",\"name\":\"Li\u00ean H\u1ec7 - CLB Doanh nghi\u1ec7p H\u00e0 Nam t\u1ec9nh \u0110\u1ed3ng Nai\",\"isPartOf\":{\"@id\":\"https:\/\/hadoba.com\/#website\"},\"primaryImageOfPage\":{\"@id\":\"https:\/\/hadoba.com\/index.php\/lien-he\/#primaryimage\"},\"image\":{\"@id\":\"https:\/\/hadoba.com\/index.php\/lien-he\/#primaryimage\"},\"thumbnailUrl\":\"https:\/\/hadoba.com\/wp-content\/uploads\/2025\/05\/banner-booking-1.jpg\",\"datePublished\":\"2025-04-24T04:20:56+00:00\",\"dateModified\":\"2025-05-21T10:10:43+00:00\",\"breadcrumb\":{\"@id\":\"https:\/\/hadoba.com\/index.php\/lien-he\/#breadcrumb\"},\"inLanguage\":\"vi\",\"potentialAction\":[{\"@type\":\"ReadAction\",\"target\":[\"https:\/\/hadoba.com\/index.php\/lien-he\/\"]}]},{\"@type\":\"ImageObject\",\"inLanguage\":\"vi\",\"@id\":\"https:\/\/hadoba.com\/index.php\/lien-he\/#primaryimage\",\"url\":\"https:\/\/hadoba.com\/wp-content\/uploads\/2025\/05\/banner-booking-1.jpg\",\"contentUrl\":\"https:\/\/hadoba.com\/wp-content\/uploads\/2025\/05\/banner-booking-1.jpg\",\"width\":1278,\"height\":200},{\"@type\":\"BreadcrumbList\",\"@id\":\"https:\/\/hadoba.com\/index.php\/lien-he\/#breadcrumb\",\"itemListElement\":[{\"@type\":\"ListItem\",\"position\":1,\"name\":\"Trang ch\u1ee7\",\"item\":\"https:\/\/hadoba.com\/\"},{\"@type\":\"ListItem\",\"position\":2,\"name\":\"Li\u00ean H\u1ec7\"}]},{\"@type\":\"WebSite\",\"@id\":\"https:\/\/hadoba.com\/#website\",\"url\":\"https:\/\/hadoba.com\/\",\"name\":\"CLB Doanh nghi\u1ec7p H\u00e0 Nam t\u1ec9nh \u0110\u1ed3ng Nai\",\"description\":\"\",\"potentialAction\":[{\"@type\":\"SearchAction\",\"target\":{\"@type\":\"EntryPoint\",\"urlTemplate\":\"https:\/\/hadoba.com\/?s={search_term_string}\"},\"query-input\":{\"@type\":\"PropertyValueSpecification\",\"valueRequired\":true,\"valueName\":\"search_term_string\"}}],\"inLanguage\":\"vi\"}]}<\/script>\n<!-- \/ Yoast SEO plugin. -->","yoast_head_json":{"title":"Li\u00ean H\u1ec7 - CLB Doanh nghi\u1ec7p H\u00e0 Nam t\u1ec9nh \u0110\u1ed3ng Nai","robots":{"index":"noindex","follow":"follow","max-snippet":"max-snippet:-1","max-image-preview":"max-image-preview:large","max-video-preview":"max-video-preview:-1"},"og_locale":"vi_VN","og_type":"article","og_title":"Li\u00ean H\u1ec7 - CLB Doanh nghi\u1ec7p H\u00e0 Nam t\u1ec9nh \u0110\u1ed3ng Nai","og_description":"TH\u00d4NG TIN LI\u00caN H\u1ec6 TH\u00d4NG TIN LI\u00caN H\u1ec6 107 Chung c\u01b0 A1 Nguy\u1ec5n \u00c1i Qu\u1ed1c, ph\u01b0\u1eddng Quang Vinh, Th\u00e0nh ph\u1ed1 Bi\u00ean H\u00f2a, \u0110\u1ed3ng Nai 098 682 47 87 hadoba.info@gmail.com Facebook Youtube Map-marked-alt","og_url":"https:\/\/hadoba.com\/index.php\/lien-he\/","og_site_name":"CLB Doanh nghi\u1ec7p H\u00e0 Nam t\u1ec9nh \u0110\u1ed3ng Nai","article_modified_time":"2025-05-21T10:10:43+00:00","og_image":[{"url":"https:\/\/hadoba.com\/wp-content\/uploads\/2025\/05\/banner-booking-1.jpg","type":"","width":"","height":""}],"twitter_card":"summary_large_image","twitter_misc":{"\u01af\u1edbc t\u00ednh th\u1eddi gian \u0111\u1ecdc":"1 ph\u00fat"},"schema":{"@context":"https:\/\/schema.org","@graph":[{"@type":"WebPage","@id":"https:\/\/hadoba.com\/index.php\/lien-he\/","url":"https:\/\/hadoba.com\/index.php\/lien-he\/","name":"Li\u00ean H\u1ec7 - CLB Doanh nghi\u1ec7p H\u00e0 Nam t\u1ec9nh \u0110\u1ed3ng Nai","isPartOf":{"@id":"https:\/\/hadoba.com\/#website"},"primaryImageOfPage":{"@id":"https:\/\/hadoba.com\/index.php\/lien-he\/#primaryimage"},"image":{"@id":"https:\/\/hadoba.com\/index.php\/lien-he\/#primaryimage"},"thumbnailUrl":"https:\/\/hadoba.com\/wp-content\/uploads\/2025\/05\/banner-booking-1.jpg","datePublished":"2025-04-24T04:20:56+00:00","dateModified":"2025-05-21T10:10:43+00:00","breadcrumb":{"@id":"https:\/\/hadoba.com\/index.php\/lien-he\/#breadcrumb"},"inLanguage":"vi","potentialAction":[{"@type":"ReadAction","target":["https:\/\/hadoba.com\/index.php\/lien-he\/"]}]},{"@type":"ImageObject","inLanguage":"vi","@id":"https:\/\/hadoba.com\/index.php\/lien-he\/#primaryimage","url":"https:\/\/hadoba.com\/wp-content\/uploads\/2025\/05\/banner-booking-1.jpg","contentUrl":"https:\/\/hadoba.com\/wp-content\/uploads\/2025\/05\/banner-booking-1.jpg","width":1278,"height":200},{"@type":"BreadcrumbList","@id":"https:\/\/hadoba.com\/index.php\/lien-he\/#breadcrumb","itemListElement":[{"@type":"ListItem","position":1,"name":"Trang ch\u1ee7","item":"https:\/\/hadoba.com\/"},{"@type":"ListItem","position":2,"name":"Li\u00ean H\u1ec7"}]},{"@type":"WebSite","@id":"https:\/\/hadoba.com\/#website","url":"https:\/\/hadoba.com\/","name":"CLB Doanh nghi\u1ec7p H\u00e0 Nam t\u1ec9nh \u0110\u1ed3ng Nai","description":"","potentialAction":[{"@type":"SearchAction","target":{"@type":"EntryPoint","urlTemplate":"https:\/\/hadoba.com\/?s={search_term_string}"},"query-input":{"@type":"PropertyValueSpecification","valueRequired":true,"valueName":"search_term_string"}}],"inLanguage":"vi"}]}},"_links":{"self":[{"href":"https:\/\/hadoba.com\/index.php\/wp-json\/wp\/v2\/pages\/328","targetHints":{"allow":["GET"]}}],"collection":[{"href":"https:\/\/hadoba.com\/index.php\/wp-json\/wp\/v2\/pages"}],"about":[{"href":"https:\/\/hadoba.com\/index.php\/wp-json\/wp\/v2\/types\/page"}],"author":[{"embeddable":true,"href":"https:\/\/hadoba.com\/index.php\/wp-json\/wp\/v2\/users\/1"}],"replies":[{"embeddable":true,"href":"https:\/\/hadoba.com\/index.php\/wp-json\/wp\/v2\/comments?post=328"}],"version-history":[{"count":14,"href":"https:\/\/hadoba.com\/index.php\/wp-json\/wp\/v2\/pages\/328\/revisions"}],"predecessor-version":[{"id":598,"href":"https:\/\/hadoba.com\/index.php\/wp-json\/wp\/v2\/pages\/328\/revisions\/598"}],"wp:attachment":[{"href":"https:\/\/hadoba.com\/index.php\/wp-json\/wp\/v2\/media?parent=328"}],"curies":[{"name":"wp","href":"https:\/\/api.w.org\/{rel}","templated":true}]}}