{"id":325,"date":"2025-04-24T04:20:17","date_gmt":"2025-04-24T04:20:17","guid":{"rendered":"https:\/\/hadoba.com\/?page_id=325"},"modified":"2025-05-22T10:10:51","modified_gmt":"2025-05-22T10:10:51","slug":"gioi-thieu","status":"publish","type":"page","link":"https:\/\/hadoba.com\/index.php\/gioi-thieu\/","title":{"rendered":"Gi\u1edbi Thi\u1ec7u"},"content":{"rendered":"\t\t<div data-elementor-type=\"wp-page\" data-elementor-id=\"325\" class=\"elementor elementor-325\" data-elementor-post-type=\"page\">\n\t\t\t\t<div class=\"elementor-element elementor-element-1f46e06 e-flex e-con-boxed e-con e-parent\" data-id=\"1f46e06\" data-element_type=\"container\" data-settings=\"{&quot;background_background&quot;:&quot;gradient&quot;}\">\n\t\t\t\t\t<div class=\"e-con-inner\">\n\t\t\t\t<div class=\"elementor-element elementor-element-446de78 elementor-position-right elementor-vertical-align-middle elementor-widget elementor-widget-image-box\" data-id=\"446de78\" data-element_type=\"widget\" data-widget_type=\"image-box.default\">\n\t\t\t\t<div class=\"elementor-widget-container\">\n\t\t\t\t\t<div class=\"elementor-image-box-wrapper\"><figure class=\"elementor-image-box-img\"><img fetchpriority=\"high\" decoding=\"async\" width=\"506\" height=\"540\" src=\"https:\/\/hadoba.com\/wp-content\/uploads\/2025\/05\/HA-NAM-1.png\" class=\"attachment-large size-large wp-image-779\" alt=\"\" srcset=\"https:\/\/hadoba.com\/wp-content\/uploads\/2025\/05\/HA-NAM-1.png 506w, https:\/\/hadoba.com\/wp-content\/uploads\/2025\/05\/HA-NAM-1-281x300.png 281w\" sizes=\"(max-width: 506px) 100vw, 506px\" \/><\/figure><div class=\"elementor-image-box-content\"><h3 class=\"elementor-image-box-title\">T\u00d4N CH\u1ec8 V\u00c0 M\u1ee4C \u0110\u00cdCH<\/h3><p class=\"elementor-image-box-description\">CLB Doanh Nghi\u1ec7p H\u00e0 Nam t\u1ec9nh \u0110\u1ed3ng Nai l\u00e0 t\u1ed5 ch\u1ee9c x\u00e3 h\u1ed9i \u2013 ngh\u1ec1 nghi\u1ec7p c\u1ee7a c\u1ed9ng \u0111\u1ed3ng doanh nghi\u1ec7p, doanh nh\u00e2n, chuy\u00ean gia, tr\u00ed th\u1ee9c v\u00e0 nh\u1eefng c\u00e1n b\u1ed9, l\u00e3nh \u0111\u1ea1o c\u00e1c t\u1ed5 ch\u1ee9c, c\u01a1 quan nh\u00e0 n\u01b0\u1edbc c\u00f3 qu\u00ea g\u1ed1c H\u00e0 Nam, \u0111ang s\u1ea3n xu\u1ea5t kinh doanh, ho\u1ea1t \u0111\u1ed9ng tr\u00ean \u0111\u1ecba b\u00e0n t\u1ec9nh \u0110\u1ed3ng Nai v\u00e0 khu v\u1ef1c l\u00e2n c\u1eadn;<br>\n\nCLB t\u1ef1 nguy\u1ec7n th\u00e0nh l\u1eadp, nh\u1eb1m m\u1ee5c \u0111\u00edch t\u1ea1o m\u00f4i tr\u01b0\u1eddng k\u1ebft n\u1ed1i, h\u1ee3p t\u00e1c, h\u1ee3p l\u1ef1c gi\u1eefa c\u00e1c doanh nghi\u1ec7p, doanh nh\u00e2n, chuy\u00ean gia, tr\u00ed th\u1ee9c, c\u00e1n b\u1ed9, l\u00e3nh \u0111\u1ea1o c\u00e1c t\u1ed5 ch\u1ee9c h\u01b0\u1edbng \u0111\u1ebfn ph\u00e1t tri\u1ec3n m\u1ed9t c\u1ed9ng \u0111\u1ed3ng Doanh nghi\u1ec7p H\u00e0 Nam \u0111o\u00e0n k\u1ebft, uy t\u00edn v\u00e0 th\u1ecbnh v\u01b0\u1ee3ng. <br>\nCLB ch\u1ee7 \u0111\u1ed9ng k\u1ebft n\u1ed1i, giao l\u01b0u v\u1edbi c\u00e1c h\u1ed9i, hi\u1ec7p h\u1ed9i, c\u01a1 quan t\u1ed5 ch\u1ee9c kh\u00e1c t\u1ea1i Vi\u1ec7t Nam v\u00e0 c\u00e1c n\u01b0\u1edbc, th\u00fac \u0111\u1ea9y m\u1ed1i quan h\u1ec7 h\u1ee3p t\u00e1c \u2013 c\u00f9ng ph\u00e1t tri\u1ec3n tr\u00ean c\u00e1c l\u0129nh v\u1ef1c s\u1ea3n xu\u1ea5t, th\u01b0\u01a1ng m\u1ea1i, khoa h\u1ecdc v\u00e0 c\u00f4ng ngh\u1ec7 g\u00f3p ph\u1ea7n v\u00e0o s\u1ef1 nghi\u1ec7p ph\u00e1t tri\u1ec3n kinh t\u1ebf \u2013 x\u00e3 h\u1ed9i c\u1ee7a \u0110\u1ed3ng Nai n\u00f3i ri\u00eang v\u00e0 Vi\u1ec7t Nam n\u00f3i chung.<\/p><\/div><\/div>\t\t\t\t<\/div>\n\t\t\t\t<\/div>\n\t\t\t\t\t<\/div>\n\t\t\t\t<\/div>\n\t\t<div class=\"elementor-element elementor-element-bddcbd1 e-flex e-con-boxed e-con e-parent\" data-id=\"bddcbd1\" data-element_type=\"container\">\n\t\t\t\t\t<div class=\"e-con-inner\">\n\t\t\t\t<div class=\"elementor-element elementor-element-5989618 elementor-widget elementor-widget-image\" data-id=\"5989618\" data-element_type=\"widget\" data-widget_type=\"image.default\">\n\t\t\t\t<div class=\"elementor-widget-container\">\n\t\t\t\t\t\t\t\t\t\t\t\t\t\t\t<img decoding=\"async\" width=\"1920\" height=\"1080\" src=\"https:\/\/hadoba.com\/wp-content\/uploads\/2025\/05\/6.jpg\" class=\"attachment-full size-full wp-image-788\" alt=\"\" srcset=\"https:\/\/hadoba.com\/wp-content\/uploads\/2025\/05\/6.jpg 1920w, https:\/\/hadoba.com\/wp-content\/uploads\/2025\/05\/6-300x169.jpg 300w, https:\/\/hadoba.com\/wp-content\/uploads\/2025\/05\/6-1024x576.jpg 1024w, https:\/\/hadoba.com\/wp-content\/uploads\/2025\/05\/6-768x432.jpg 768w, https:\/\/hadoba.com\/wp-content\/uploads\/2025\/05\/6-1536x864.jpg 1536w\" sizes=\"(max-width: 1920px) 100vw, 1920px\" \/>\t\t\t\t\t\t\t\t\t\t\t\t\t\t\t<\/div>\n\t\t\t\t<\/div>\n\t\t\t\t\t<\/div>\n\t\t\t\t<\/div>\n\t\t<div class=\"elementor-element elementor-element-45694e0 e-flex e-con-boxed e-con e-parent\" data-id=\"45694e0\" data-element_type=\"container\">\n\t\t\t\t\t<div class=\"e-con-inner\">\n\t\t\t\t<div class=\"elementor-element elementor-element-0485261 elementor-widget elementor-widget-image\" data-id=\"0485261\" data-element_type=\"widget\" data-widget_type=\"image.default\">\n\t\t\t\t<div class=\"elementor-widget-container\">\n\t\t\t\t\t\t\t\t\t\t\t\t\t\t\t<img decoding=\"async\" width=\"1920\" height=\"1080\" src=\"https:\/\/hadoba.com\/wp-content\/uploads\/2025\/05\/7-1.jpg\" class=\"attachment-full size-full wp-image-789\" alt=\"\" srcset=\"https:\/\/hadoba.com\/wp-content\/uploads\/2025\/05\/7-1.jpg 1920w, https:\/\/hadoba.com\/wp-content\/uploads\/2025\/05\/7-1-300x169.jpg 300w, https:\/\/hadoba.com\/wp-content\/uploads\/2025\/05\/7-1-1024x576.jpg 1024w, https:\/\/hadoba.com\/wp-content\/uploads\/2025\/05\/7-1-768x432.jpg 768w, https:\/\/hadoba.com\/wp-content\/uploads\/2025\/05\/7-1-1536x864.jpg 1536w\" sizes=\"(max-width: 1920px) 100vw, 1920px\" \/>\t\t\t\t\t\t\t\t\t\t\t\t\t\t\t<\/div>\n\t\t\t\t<\/div>\n\t\t\t\t\t<\/div>\n\t\t\t\t<\/div>\n\t\t<div class=\"elementor-element elementor-element-38d07ef e-flex e-con-boxed e-con e-parent\" data-id=\"38d07ef\" data-element_type=\"container\">\n\t\t\t\t\t<div class=\"e-con-inner\">\n\t\t\t\t<div class=\"elementor-element elementor-element-23ed95a elementor-widget elementor-widget-image\" data-id=\"23ed95a\" data-element_type=\"widget\" data-widget_type=\"image.default\">\n\t\t\t\t<div class=\"elementor-widget-container\">\n\t\t\t\t\t\t\t\t\t\t\t\t\t\t\t<img loading=\"lazy\" decoding=\"async\" width=\"1920\" height=\"1080\" src=\"https:\/\/hadoba.com\/wp-content\/uploads\/2025\/05\/8.jpg\" class=\"attachment-full size-full wp-image-790\" alt=\"\" srcset=\"https:\/\/hadoba.com\/wp-content\/uploads\/2025\/05\/8.jpg 1920w, https:\/\/hadoba.com\/wp-content\/uploads\/2025\/05\/8-300x169.jpg 300w, https:\/\/hadoba.com\/wp-content\/uploads\/2025\/05\/8-1024x576.jpg 1024w, https:\/\/hadoba.com\/wp-content\/uploads\/2025\/05\/8-768x432.jpg 768w, https:\/\/hadoba.com\/wp-content\/uploads\/2025\/05\/8-1536x864.jpg 1536w\" sizes=\"(max-width: 1920px) 100vw, 1920px\" \/>\t\t\t\t\t\t\t\t\t\t\t\t\t\t\t<\/div>\n\t\t\t\t<\/div>\n\t\t\t\t\t<\/div>\n\t\t\t\t<\/div>\n\t\t<div class=\"elementor-element elementor-element-896e68f e-flex e-con-boxed e-con e-parent\" data-id=\"896e68f\" data-element_type=\"container\">\n\t\t\t\t\t<div class=\"e-con-inner\">\n\t\t\t\t<div class=\"elementor-element elementor-element-ca3a857 elementor-widget elementor-widget-image\" data-id=\"ca3a857\" data-element_type=\"widget\" data-widget_type=\"image.default\">\n\t\t\t\t<div class=\"elementor-widget-container\">\n\t\t\t\t\t\t\t\t\t\t\t\t\t\t\t<img loading=\"lazy\" decoding=\"async\" width=\"1920\" height=\"1080\" src=\"https:\/\/hadoba.com\/wp-content\/uploads\/2025\/05\/12.jpg\" class=\"attachment-full size-full wp-image-791\" alt=\"\" srcset=\"https:\/\/hadoba.com\/wp-content\/uploads\/2025\/05\/12.jpg 1920w, https:\/\/hadoba.com\/wp-content\/uploads\/2025\/05\/12-300x169.jpg 300w, https:\/\/hadoba.com\/wp-content\/uploads\/2025\/05\/12-1024x576.jpg 1024w, https:\/\/hadoba.com\/wp-content\/uploads\/2025\/05\/12-768x432.jpg 768w, https:\/\/hadoba.com\/wp-content\/uploads\/2025\/05\/12-1536x864.jpg 1536w\" sizes=\"(max-width: 1920px) 100vw, 1920px\" \/>\t\t\t\t\t\t\t\t\t\t\t\t\t\t\t<\/div>\n\t\t\t\t<\/div>\n\t\t\t\t\t<\/div>\n\t\t\t\t<\/div>\n\t\t<div class=\"elementor-element elementor-element-8addb93 e-flex e-con-boxed e-con e-parent\" data-id=\"8addb93\" data-element_type=\"container\">\n\t\t\t\t\t<div class=\"e-con-inner\">\n\t\t\t\t<div class=\"elementor-element elementor-element-2cce809 elementor-widget elementor-widget-image\" data-id=\"2cce809\" data-element_type=\"widget\" data-widget_type=\"image.default\">\n\t\t\t\t<div class=\"elementor-widget-container\">\n\t\t\t\t\t\t\t\t\t\t\t\t\t\t\t<img loading=\"lazy\" decoding=\"async\" width=\"1920\" height=\"1080\" src=\"https:\/\/hadoba.com\/wp-content\/uploads\/2025\/05\/13.jpg\" class=\"attachment-full size-full wp-image-792\" alt=\"\" srcset=\"https:\/\/hadoba.com\/wp-content\/uploads\/2025\/05\/13.jpg 1920w, https:\/\/hadoba.com\/wp-content\/uploads\/2025\/05\/13-300x169.jpg 300w, https:\/\/hadoba.com\/wp-content\/uploads\/2025\/05\/13-1024x576.jpg 1024w, https:\/\/hadoba.com\/wp-content\/uploads\/2025\/05\/13-768x432.jpg 768w, https:\/\/hadoba.com\/wp-content\/uploads\/2025\/05\/13-1536x864.jpg 1536w\" sizes=\"(max-width: 1920px) 100vw, 1920px\" \/>\t\t\t\t\t\t\t\t\t\t\t\t\t\t\t<\/div>\n\t\t\t\t<\/div>\n\t\t\t\t\t<\/div>\n\t\t\t\t<\/div>\n\t\t\t\t<\/div>\n\t\t","protected":false},"excerpt":{"rendered":"<p>T\u00d4N CH\u1ec8 V\u00c0 M\u1ee4C \u0110\u00cdCH CLB Doanh Nghi\u1ec7p H\u00e0 Nam t\u1ec9nh \u0110\u1ed3ng Nai l\u00e0 t\u1ed5 ch\u1ee9c x\u00e3 h\u1ed9i \u2013 ngh\u1ec1 nghi\u1ec7p c\u1ee7a c\u1ed9ng \u0111\u1ed3ng doanh nghi\u1ec7p, doanh nh\u00e2n, chuy\u00ean gia, tr\u00ed th\u1ee9c v\u00e0 nh\u1eefng c\u00e1n b\u1ed9, l\u00e3nh \u0111\u1ea1o c\u00e1c t\u1ed5 ch\u1ee9c, c\u01a1 quan nh\u00e0 n\u01b0\u1edbc c\u00f3 qu\u00ea g\u1ed1c H\u00e0 Nam, \u0111ang s\u1ea3n xu\u1ea5t kinh doanh, [&hellip;]<\/p>\n","protected":false},"author":1,"featured_media":0,"parent":0,"menu_order":0,"comment_status":"closed","ping_status":"closed","template":"","meta":{"footnotes":""},"class_list":["post-325","page","type-page","status-publish","hentry"],"yoast_head":"<!-- This site is optimized with the Yoast SEO plugin v25.1 - https:\/\/yoast.com\/wordpress\/plugins\/seo\/ -->\n<title>Gi\u1edbi Thi\u1ec7u - CLB Doanh nghi\u1ec7p H\u00e0 Nam t\u1ec9nh \u0110\u1ed3ng Nai<\/title>\n<meta name=\"robots\" content=\"noindex, follow, max-snippet:-1, max-image-preview:large, max-video-preview:-1\" \/>\n<meta property=\"og:locale\" content=\"vi_VN\" \/>\n<meta property=\"og:type\" content=\"article\" \/>\n<meta property=\"og:title\" content=\"Gi\u1edbi Thi\u1ec7u - CLB Doanh nghi\u1ec7p H\u00e0 Nam t\u1ec9nh \u0110\u1ed3ng Nai\" \/>\n<meta property=\"og:description\" content=\"T\u00d4N CH\u1ec8 V\u00c0 M\u1ee4C \u0110\u00cdCH CLB Doanh Nghi\u1ec7p H\u00e0 Nam t\u1ec9nh \u0110\u1ed3ng Nai l\u00e0 t\u1ed5 ch\u1ee9c x\u00e3 h\u1ed9i \u2013 ngh\u1ec1 nghi\u1ec7p c\u1ee7a c\u1ed9ng \u0111\u1ed3ng doanh nghi\u1ec7p, doanh nh\u00e2n, chuy\u00ean gia, tr\u00ed th\u1ee9c v\u00e0 nh\u1eefng c\u00e1n b\u1ed9, l\u00e3nh \u0111\u1ea1o c\u00e1c t\u1ed5 ch\u1ee9c, c\u01a1 quan nh\u00e0 n\u01b0\u1edbc c\u00f3 qu\u00ea g\u1ed1c H\u00e0 Nam, \u0111ang s\u1ea3n xu\u1ea5t kinh doanh, [&hellip;]\" \/>\n<meta property=\"og:url\" content=\"https:\/\/hadoba.com\/index.php\/gioi-thieu\/\" \/>\n<meta property=\"og:site_name\" content=\"CLB Doanh nghi\u1ec7p H\u00e0 Nam t\u1ec9nh \u0110\u1ed3ng Nai\" \/>\n<meta property=\"article:modified_time\" content=\"2025-05-22T10:10:51+00:00\" \/>\n<meta property=\"og:image\" content=\"https:\/\/hadoba.com\/wp-content\/uploads\/2025\/05\/HA-NAM-1.png\" \/>\n\t<meta property=\"og:image:width\" content=\"506\" \/>\n\t<meta property=\"og:image:height\" content=\"540\" \/>\n\t<meta property=\"og:image:type\" content=\"image\/png\" \/>\n<meta name=\"twitter:card\" content=\"summary_large_image\" \/>\n<meta name=\"twitter:label1\" content=\"\u01af\u1edbc t\u00ednh th\u1eddi gian \u0111\u1ecdc\" \/>\n\t<meta name=\"twitter:data1\" content=\"3 ph\u00fat\" \/>\n<script type=\"application\/ld+json\" class=\"yoast-schema-graph\">{\"@context\":\"https:\/\/schema.org\",\"@graph\":[{\"@type\":\"WebPage\",\"@id\":\"https:\/\/hadoba.com\/index.php\/gioi-thieu\/\",\"url\":\"https:\/\/hadoba.com\/index.php\/gioi-thieu\/\",\"name\":\"Gi\u1edbi Thi\u1ec7u - CLB Doanh nghi\u1ec7p H\u00e0 Nam t\u1ec9nh \u0110\u1ed3ng Nai\",\"isPartOf\":{\"@id\":\"https:\/\/hadoba.com\/#website\"},\"primaryImageOfPage\":{\"@id\":\"https:\/\/hadoba.com\/index.php\/gioi-thieu\/#primaryimage\"},\"image\":{\"@id\":\"https:\/\/hadoba.com\/index.php\/gioi-thieu\/#primaryimage\"},\"thumbnailUrl\":\"https:\/\/hadoba.com\/wp-content\/uploads\/2025\/05\/HA-NAM-1.png\",\"datePublished\":\"2025-04-24T04:20:17+00:00\",\"dateModified\":\"2025-05-22T10:10:51+00:00\",\"breadcrumb\":{\"@id\":\"https:\/\/hadoba.com\/index.php\/gioi-thieu\/#breadcrumb\"},\"inLanguage\":\"vi\",\"potentialAction\":[{\"@type\":\"ReadAction\",\"target\":[\"https:\/\/hadoba.com\/index.php\/gioi-thieu\/\"]}]},{\"@type\":\"ImageObject\",\"inLanguage\":\"vi\",\"@id\":\"https:\/\/hadoba.com\/index.php\/gioi-thieu\/#primaryimage\",\"url\":\"https:\/\/hadoba.com\/wp-content\/uploads\/2025\/05\/HA-NAM-1.png\",\"contentUrl\":\"https:\/\/hadoba.com\/wp-content\/uploads\/2025\/05\/HA-NAM-1.png\",\"width\":506,\"height\":540},{\"@type\":\"BreadcrumbList\",\"@id\":\"https:\/\/hadoba.com\/index.php\/gioi-thieu\/#breadcrumb\",\"itemListElement\":[{\"@type\":\"ListItem\",\"position\":1,\"name\":\"Trang ch\u1ee7\",\"item\":\"https:\/\/hadoba.com\/\"},{\"@type\":\"ListItem\",\"position\":2,\"name\":\"Gi\u1edbi Thi\u1ec7u\"}]},{\"@type\":\"WebSite\",\"@id\":\"https:\/\/hadoba.com\/#website\",\"url\":\"https:\/\/hadoba.com\/\",\"name\":\"CLB Doanh nghi\u1ec7p H\u00e0 Nam t\u1ec9nh \u0110\u1ed3ng Nai\",\"description\":\"\",\"potentialAction\":[{\"@type\":\"SearchAction\",\"target\":{\"@type\":\"EntryPoint\",\"urlTemplate\":\"https:\/\/hadoba.com\/?s={search_term_string}\"},\"query-input\":{\"@type\":\"PropertyValueSpecification\",\"valueRequired\":true,\"valueName\":\"search_term_string\"}}],\"inLanguage\":\"vi\"}]}<\/script>\n<!-- \/ Yoast SEO plugin. -->","yoast_head_json":{"title":"Gi\u1edbi Thi\u1ec7u - CLB Doanh nghi\u1ec7p H\u00e0 Nam t\u1ec9nh \u0110\u1ed3ng Nai","robots":{"index":"noindex","follow":"follow","max-snippet":"max-snippet:-1","max-image-preview":"max-image-preview:large","max-video-preview":"max-video-preview:-1"},"og_locale":"vi_VN","og_type":"article","og_title":"Gi\u1edbi Thi\u1ec7u - CLB Doanh nghi\u1ec7p H\u00e0 Nam t\u1ec9nh \u0110\u1ed3ng Nai","og_description":"T\u00d4N CH\u1ec8 V\u00c0 M\u1ee4C \u0110\u00cdCH CLB Doanh Nghi\u1ec7p H\u00e0 Nam t\u1ec9nh \u0110\u1ed3ng Nai l\u00e0 t\u1ed5 ch\u1ee9c x\u00e3 h\u1ed9i \u2013 ngh\u1ec1 nghi\u1ec7p c\u1ee7a c\u1ed9ng \u0111\u1ed3ng doanh nghi\u1ec7p, doanh nh\u00e2n, chuy\u00ean gia, tr\u00ed th\u1ee9c v\u00e0 nh\u1eefng c\u00e1n b\u1ed9, l\u00e3nh \u0111\u1ea1o c\u00e1c t\u1ed5 ch\u1ee9c, c\u01a1 quan nh\u00e0 n\u01b0\u1edbc c\u00f3 qu\u00ea g\u1ed1c H\u00e0 Nam, \u0111ang s\u1ea3n xu\u1ea5t kinh doanh, [&hellip;]","og_url":"https:\/\/hadoba.com\/index.php\/gioi-thieu\/","og_site_name":"CLB Doanh nghi\u1ec7p H\u00e0 Nam t\u1ec9nh \u0110\u1ed3ng Nai","article_modified_time":"2025-05-22T10:10:51+00:00","og_image":[{"width":506,"height":540,"url":"https:\/\/hadoba.com\/wp-content\/uploads\/2025\/05\/HA-NAM-1.png","type":"image\/png"}],"twitter_card":"summary_large_image","twitter_misc":{"\u01af\u1edbc t\u00ednh th\u1eddi gian \u0111\u1ecdc":"3 ph\u00fat"},"schema":{"@context":"https:\/\/schema.org","@graph":[{"@type":"WebPage","@id":"https:\/\/hadoba.com\/index.php\/gioi-thieu\/","url":"https:\/\/hadoba.com\/index.php\/gioi-thieu\/","name":"Gi\u1edbi Thi\u1ec7u - CLB Doanh nghi\u1ec7p H\u00e0 Nam t\u1ec9nh \u0110\u1ed3ng Nai","isPartOf":{"@id":"https:\/\/hadoba.com\/#website"},"primaryImageOfPage":{"@id":"https:\/\/hadoba.com\/index.php\/gioi-thieu\/#primaryimage"},"image":{"@id":"https:\/\/hadoba.com\/index.php\/gioi-thieu\/#primaryimage"},"thumbnailUrl":"https:\/\/hadoba.com\/wp-content\/uploads\/2025\/05\/HA-NAM-1.png","datePublished":"2025-04-24T04:20:17+00:00","dateModified":"2025-05-22T10:10:51+00:00","breadcrumb":{"@id":"https:\/\/hadoba.com\/index.php\/gioi-thieu\/#breadcrumb"},"inLanguage":"vi","potentialAction":[{"@type":"ReadAction","target":["https:\/\/hadoba.com\/index.php\/gioi-thieu\/"]}]},{"@type":"ImageObject","inLanguage":"vi","@id":"https:\/\/hadoba.com\/index.php\/gioi-thieu\/#primaryimage","url":"https:\/\/hadoba.com\/wp-content\/uploads\/2025\/05\/HA-NAM-1.png","contentUrl":"https:\/\/hadoba.com\/wp-content\/uploads\/2025\/05\/HA-NAM-1.png","width":506,"height":540},{"@type":"BreadcrumbList","@id":"https:\/\/hadoba.com\/index.php\/gioi-thieu\/#breadcrumb","itemListElement":[{"@type":"ListItem","position":1,"name":"Trang ch\u1ee7","item":"https:\/\/hadoba.com\/"},{"@type":"ListItem","position":2,"name":"Gi\u1edbi Thi\u1ec7u"}]},{"@type":"WebSite","@id":"https:\/\/hadoba.com\/#website","url":"https:\/\/hadoba.com\/","name":"CLB Doanh nghi\u1ec7p H\u00e0 Nam t\u1ec9nh \u0110\u1ed3ng Nai","description":"","potentialAction":[{"@type":"SearchAction","target":{"@type":"EntryPoint","urlTemplate":"https:\/\/hadoba.com\/?s={search_term_string}"},"query-input":{"@type":"PropertyValueSpecification","valueRequired":true,"valueName":"search_term_string"}}],"inLanguage":"vi"}]}},"_links":{"self":[{"href":"https:\/\/hadoba.com\/index.php\/wp-json\/wp\/v2\/pages\/325","targetHints":{"allow":["GET"]}}],"collection":[{"href":"https:\/\/hadoba.com\/index.php\/wp-json\/wp\/v2\/pages"}],"about":[{"href":"https:\/\/hadoba.com\/index.php\/wp-json\/wp\/v2\/types\/page"}],"author":[{"embeddable":true,"href":"https:\/\/hadoba.com\/index.php\/wp-json\/wp\/v2\/users\/1"}],"replies":[{"embeddable":true,"href":"https:\/\/hadoba.com\/index.php\/wp-json\/wp\/v2\/comments?post=325"}],"version-history":[{"count":8,"href":"https:\/\/hadoba.com\/index.php\/wp-json\/wp\/v2\/pages\/325\/revisions"}],"predecessor-version":[{"id":795,"href":"https:\/\/hadoba.com\/index.php\/wp-json\/wp\/v2\/pages\/325\/revisions\/795"}],"wp:attachment":[{"href":"https:\/\/hadoba.com\/index.php\/wp-json\/wp\/v2\/media?parent=325"}],"curies":[{"name":"wp","href":"https:\/\/api.w.org\/{rel}","templated":true}]}}